{"id":409,"date":"2022-08-15T16:20:07","date_gmt":"2022-08-15T16:20:07","guid":{"rendered":"http:\/\/levinsky.wprod.cpn.fi\/yhteystiedot\/"},"modified":"2025-11-14T16:06:44","modified_gmt":"2025-11-14T16:06:44","slug":"yhteystiedot","status":"publish","type":"page","link":"https:\/\/www.levinsky.fi\/fi\/yhteystiedot\/","title":{"rendered":"Yhteystiedot"},"content":{"rendered":"\t\t<div data-elementor-type=\"wp-page\" data-elementor-id=\"409\" class=\"elementor elementor-409 elementor-13\" data-elementor-post-type=\"page\">\n\t\t\t\t\t\t<section class=\"elementor-section elementor-top-section elementor-element elementor-element-818d671 elementor-section-height-full elementor-section-boxed elementor-section-height-default elementor-section-items-middle\" data-id=\"818d671\" data-element_type=\"section\" data-e-type=\"section\" data-settings=\"{&quot;background_background&quot;:&quot;classic&quot;}\">\n\t\t\t\t\t\t\t<div class=\"elementor-background-overlay\"><\/div>\n\t\t\t\t\t\t\t<div class=\"elementor-container elementor-column-gap-default\">\n\t\t\t\t\t<div class=\"elementor-column elementor-col-100 elementor-top-column elementor-element elementor-element-f39dc2f\" data-id=\"f39dc2f\" data-element_type=\"column\" data-e-type=\"column\">\n\t\t\t<div class=\"elementor-widget-wrap elementor-element-populated\">\n\t\t\t\t\t\t<div class=\"elementor-element elementor-element-c8ef4d4 elementor-widget elementor-widget-heading\" data-id=\"c8ef4d4\" data-element_type=\"widget\" data-e-type=\"widget\" data-widget_type=\"heading.default\">\n\t\t\t\t<div class=\"elementor-widget-container\">\n\t\t\t\t\t<h1 class=\"elementor-heading-title elementor-size-default\">Varaa vierailusi<\/h1>\t\t\t\t<\/div>\n\t\t\t\t<\/div>\n\t\t\t\t<div class=\"elementor-element elementor-element-47f8f17 elementor-widget elementor-widget-html\" data-id=\"47f8f17\" data-element_type=\"widget\" data-e-type=\"widget\" data-widget_type=\"html.default\">\n\t\t\t\t<div class=\"elementor-widget-container\">\n\t\t\t\t\t<!-- BEGIN Moder Booking Widget -->\n<div id=\"moder-embed\"><\/div>\n<script>\n   var ModerSettings = {\n       property: 'levinsky',\n       roomTypeId: 52,\n       language: 'fi'\n   }\n<\/script>\n<script src=\"https:\/\/moder-embeds-dev.s3.eu-north-1.amazonaws.com\/bundle.js\" defer><\/script>\n<!-- END Moder Booking Widget -->\t\t\t\t<\/div>\n\t\t\t\t<\/div>\n\t\t\t\t\t<\/div>\n\t\t<\/div>\n\t\t\t\t\t<\/div>\n\t\t<\/section>\n\t\t\t\t<section class=\"elementor-section elementor-top-section elementor-element elementor-element-82da315 elementor-section-boxed elementor-section-height-default elementor-section-height-default\" data-id=\"82da315\" data-element_type=\"section\" data-e-type=\"section\">\n\t\t\t\t\t\t<div class=\"elementor-container elementor-column-gap-default\">\n\t\t\t\t\t<div class=\"elementor-column elementor-col-100 elementor-top-column elementor-element elementor-element-d162192\" data-id=\"d162192\" data-element_type=\"column\" data-e-type=\"column\">\n\t\t\t<div class=\"elementor-widget-wrap elementor-element-populated\">\n\t\t\t\t\t\t<div class=\"elementor-element elementor-element-de66d45 elementor-widget elementor-widget-heading\" data-id=\"de66d45\" data-element_type=\"widget\" data-e-type=\"widget\" data-widget_type=\"heading.default\">\n\t\t\t\t<div class=\"elementor-widget-container\">\n\t\t\t\t\t<h2 class=\"elementor-heading-title elementor-size-default\">Varaa LevinSky Luxury Villa \u2013 Aloita Matkasi Luksukseen<\/h2>\t\t\t\t<\/div>\n\t\t\t\t<\/div>\n\t\t\t\t<div class=\"elementor-element elementor-element-c3f0551 elementor-widget elementor-widget-heading\" data-id=\"c3f0551\" data-element_type=\"widget\" data-e-type=\"widget\" data-widget_type=\"heading.default\">\n\t\t\t\t<div class=\"elementor-widget-container\">\n\t\t\t\t\t<h3 class=\"elementor-heading-title elementor-size-default\">Yhteydenotto. Varauskalenteri. Majoitu Levill\u00e4.<\/h3>\t\t\t\t<\/div>\n\t\t\t\t<\/div>\n\t\t\t\t<div class=\"elementor-element elementor-element-98630ca elementor-widget elementor-widget-text-editor\" data-id=\"98630ca\" data-element_type=\"widget\" data-e-type=\"widget\" data-widget_type=\"text-editor.default\">\n\t\t\t\t<div class=\"elementor-widget-container\">\n\t\t\t\t\t\t\t\t\t<p data-start=\"39\" data-end=\"335\"><strong data-start=\"39\" data-end=\"63\">Luxury Villa Rental:<\/strong> Varauskalenterissamme vapaina olevat p\u00e4iv\u00e4t n\u00e4kyv\u00e4t tummalla v\u00e4rill\u00e4. Voit my\u00f6s tehd\u00e4 varauksesi t\u00e4\u00e4ll\u00e4 ja maksaa luottokortilla. Huomaathan, ett\u00e4 emme vuokraa erillisi\u00e4 huoneita \u2013 hinta koskee koko taloa (enint\u00e4\u00e4n 12 henkil\u00f6\u00e4). Vuodevaatteet ja pyyhkeet ovat pakollisia.<\/p><p data-start=\"46\" data-end=\"65\"><strong data-start=\"46\" data-end=\"65\">Varauss\u00e4\u00e4nn\u00f6t :<\/strong><\/p><p data-start=\"67\" data-end=\"177\">Huippusesongin aikana v\u00e4hint\u00e4\u00e4n 7 y\u00f6n majoitus.<br data-start=\"114\" data-end=\"117\" \/>Korkean ja matalan sesongin aikana v\u00e4hint\u00e4\u00e4n 3 y\u00f6n majoitus.<\/p><p data-start=\"179\" data-end=\"222\"><strong data-start=\"179\" data-end=\"199\">Korkea sesonki :<\/strong><br data-start=\"199\" data-end=\"202\" \/>Tammikuu \u2013 maaliskuu<\/p><p data-start=\"224\" data-end=\"277\"><strong data-start=\"224\" data-end=\"244\">Matala sesonki :<\/strong><br data-start=\"244\" data-end=\"247\" \/>Huhtikuu \u2013 joulukuun puoliv\u00e4li<\/p><p data-start=\"279\" data-end=\"320\" data-is-last-node=\"\" data-is-only-node=\"\"><strong data-start=\"279\" data-end=\"298\">Huippusesonki :<\/strong><br data-start=\"298\" data-end=\"301\" \/>Joulukuun puoliv\u00e4li<\/p><p data-start=\"598\" data-end=\"628\">Vuokrausehtomme l\u00f6yd\u00e4t <a href=\"https:\/\/www.levinsky.fi\/wp-content\/uploads\/2022\/12\/Levi-rental-terms-01-09-2022.pdf\">t\u00e4\u00e4lt\u00e4<\/a>.<\/p><p data-start=\"630\" data-end=\"646\" data-is-last-node=\"\" data-is-only-node=\"\"><a class=\"decorated-link cursor-pointer\" rel=\"noopener\" data-start=\"630\" data-end=\"646\" data-is-last-node=\"\">info@levinsky.fi<\/a><\/p>\t\t\t\t\t\t\t\t<\/div>\n\t\t\t\t<\/div>\n\t\t\t\t\t<\/div>\n\t\t<\/div>\n\t\t\t\t\t<\/div>\n\t\t<\/section>\n\t\t\t\t<section class=\"elementor-section elementor-top-section elementor-element elementor-element-cba2470 elementor-section-boxed elementor-section-height-default elementor-section-height-default\" data-id=\"cba2470\" data-element_type=\"section\" data-e-type=\"section\">\n\t\t\t\t\t\t<div class=\"elementor-container elementor-column-gap-default\">\n\t\t\t\t\t<div class=\"elementor-column elementor-col-50 elementor-top-column elementor-element elementor-element-8d849ea\" data-id=\"8d849ea\" data-element_type=\"column\" data-e-type=\"column\">\n\t\t\t<div class=\"elementor-widget-wrap elementor-element-populated\">\n\t\t\t\t\t\t<div class=\"elementor-element elementor-element-c95614f elementor-widget elementor-widget-heading\" data-id=\"c95614f\" data-element_type=\"widget\" data-e-type=\"widget\" data-widget_type=\"heading.default\">\n\t\t\t\t<div class=\"elementor-widget-container\">\n\t\t\t\t\t<h4 class=\"elementor-heading-title elementor-size-default\">Yhteystiedot.<\/h4>\t\t\t\t<\/div>\n\t\t\t\t<\/div>\n\t\t\t\t<div class=\"elementor-element elementor-element-4717863 elementor-widget elementor-widget-text-editor\" data-id=\"4717863\" data-element_type=\"widget\" data-e-type=\"widget\" data-widget_type=\"text-editor.default\">\n\t\t\t\t<div class=\"elementor-widget-container\">\n\t\t\t\t\t\t\t\t\t<p><strong>LevinSky Luxury Villa<\/strong><\/p><p>Utsunkutsu 4, 99130 Sirkka, Finland<br \/>info@levinsky.fi<\/p>\t\t\t\t\t\t\t\t<\/div>\n\t\t\t\t<\/div>\n\t\t\t\t<div class=\"elementor-element elementor-element-8c534e3 elementor-widget elementor-widget-google_maps\" data-id=\"8c534e3\" data-element_type=\"widget\" data-e-type=\"widget\" data-widget_type=\"google_maps.default\">\n\t\t\t\t<div class=\"elementor-widget-container\">\n\t\t\t\t\t\t\t<div class=\"elementor-custom-embed\">\n\t\t\t<iframe loading=\"lazy\"\n\t\t\t\t\tsrc=\"https:\/\/maps.google.com\/maps?q=Utsunkutsu%204&#038;t=m&#038;z=10&#038;output=embed&#038;iwloc=near\"\n\t\t\t\t\ttitle=\"Utsunkutsu 4\"\n\t\t\t\t\taria-label=\"Utsunkutsu 4\"\n\t\t\t><\/iframe>\n\t\t<\/div>\n\t\t\t\t\t\t<\/div>\n\t\t\t\t<\/div>\n\t\t\t\t\t<\/div>\n\t\t<\/div>\n\t\t\t\t<div class=\"elementor-column elementor-col-50 elementor-top-column elementor-element elementor-element-deb14cb\" data-id=\"deb14cb\" data-element_type=\"column\" data-e-type=\"column\">\n\t\t\t<div class=\"elementor-widget-wrap elementor-element-populated\">\n\t\t\t\t\t\t<div class=\"elementor-element elementor-element-59147a6 otayhteytta elementor-widget elementor-widget-text-editor\" data-id=\"59147a6\" data-element_type=\"widget\" data-e-type=\"widget\" data-widget_type=\"text-editor.default\">\n\t\t\t\t<div class=\"elementor-widget-container\">\n\t\t\t\t\t\t\t\t\t<p>Yhteydenotot ja kyselyt:<\/p><p><a href=\"mailto:info@levinsky.fi%E2%80%8B\"><strong>info@levinsky.fi\u200b<\/strong><\/a><\/p>\t\t\t\t\t\t\t\t<\/div>\n\t\t\t\t<\/div>\n\t\t\t\t\t<\/div>\n\t\t<\/div>\n\t\t\t\t\t<\/div>\n\t\t<\/section>\n\t\t\t\t<\/div>\n\t\t","protected":false},"excerpt":{"rendered":"<p>Varaa vierailusi Varaus ja yhteydenotto | Majoitu Levin upeimmassa huvilassa Yhteydenotto. Varauskalenteri. Majoitu Levill\u00e4. Luxury Villa Rental: Varauskalenterissamme vapaina olevat p\u00e4iv\u00e4t n\u00e4kyv\u00e4t tummalla v\u00e4rill\u00e4. Voit my\u00f6s tehd\u00e4 varauksesi t\u00e4\u00e4ll\u00e4 ja maksaa luottokortilla. Huomaathan, ett\u00e4 emme vuokraa erillisi\u00e4 huoneita \u2013 hinta koskee koko taloa (enint\u00e4\u00e4n 12 henkil\u00f6\u00e4). Vuodevaatteet ja pyyhkeet ovat pakollisia. Varauss\u00e4\u00e4nn\u00f6t : Huippusesongin aikana [&hellip;]<\/p>\n","protected":false},"author":1,"featured_media":0,"parent":0,"menu_order":0,"comment_status":"closed","ping_status":"closed","template":"","meta":{"footnotes":""},"class_list":["post-409","page","type-page","status-publish","hentry"],"_links":{"self":[{"href":"https:\/\/www.levinsky.fi\/fi\/wp-json\/wp\/v2\/pages\/409","targetHints":{"allow":["GET"]}}],"collection":[{"href":"https:\/\/www.levinsky.fi\/fi\/wp-json\/wp\/v2\/pages"}],"about":[{"href":"https:\/\/www.levinsky.fi\/fi\/wp-json\/wp\/v2\/types\/page"}],"author":[{"embeddable":true,"href":"https:\/\/www.levinsky.fi\/fi\/wp-json\/wp\/v2\/users\/1"}],"replies":[{"embeddable":true,"href":"https:\/\/www.levinsky.fi\/fi\/wp-json\/wp\/v2\/comments?post=409"}],"version-history":[{"count":56,"href":"https:\/\/www.levinsky.fi\/fi\/wp-json\/wp\/v2\/pages\/409\/revisions"}],"predecessor-version":[{"id":1261,"href":"https:\/\/www.levinsky.fi\/fi\/wp-json\/wp\/v2\/pages\/409\/revisions\/1261"}],"wp:attachment":[{"href":"https:\/\/www.levinsky.fi\/fi\/wp-json\/wp\/v2\/media?parent=409"}],"curies":[{"name":"wp","href":"https:\/\/api.w.org\/{rel}","templated":true}]}}